{"id":9,"date":"2022-12-17T15:58:20","date_gmt":"2022-12-17T14:58:20","guid":{"rendered":"https:\/\/www.vytvorenolaskou.cz\/?page_id=9"},"modified":"2024-02-09T15:06:59","modified_gmt":"2024-02-09T14:06:59","slug":"graficky-design","status":"publish","type":"page","link":"https:\/\/www.vytvorenolaskou.cz\/index.php\/graficky-design\/","title":{"rendered":"grafick\u00fd design"},"content":{"rendered":"\n<p>Grafick\u00e9mu designu se v\u011bnuji od roku 2016. V&nbsp;sou\u010dasnosti se v\u011bnuji p\u0159edev\u0161\u00edm tvorb\u011b svatebn\u00edch tiskovin, ilustrac\u00edm kni\u017en\u00edho charakteru a&nbsp;ji\u017e 3&nbsp;rokem pracuji pro firmu Blackfish, jedno z&nbsp;nejv\u011bt\u0161\u00edch grafick\u00fdch studi\u00ed v&nbsp;Praze. Zde se v\u011bnuji prim\u00e1rn\u011b UX\/UI designu. M\u00e9 pr\u00e1ce si m\u016f\u017eete prohl\u00e9dnout nejen zde, ale tak\u00e9 na soci\u00e1ln\u00edch s\u00edt\u00edch.<\/p>\n\n\n<div class=\"iglink\"><a href=\"https:\/\/www.instagram.com\/capi_tatyanka\">capi_tatyanka<\/a><\/div>\n","protected":false},"excerpt":{"rendered":"<p>Grafick\u00e9mu designu se v\u011bnuji od roku 2016. V&nbsp;sou\u010dasnosti se v\u011bnuji p\u0159edev\u0161\u00edm tvorb\u011b svatebn\u00edch tiskovin, ilustrac\u00edm kni\u017en\u00edho charakteru a&nbsp;ji\u017e 3&nbsp;rokem pracuji pro firmu Blackfish, jedno z&nbsp;nejv\u011bt\u0161\u00edch grafick\u00fdch studi\u00ed v&nbsp;Praze. Zde se v\u011bnuji prim\u00e1rn\u011b UX\/UI designu. M\u00e9 pr\u00e1ce si m\u016f\u017eete prohl\u00e9dnout nejen zde, ale tak\u00e9 na soci\u00e1ln\u00edch s\u00edt\u00edch.<\/p>\n","protected":false},"author":1,"featured_media":0,"parent":0,"menu_order":2,"comment_status":"closed","ping_status":"closed","template":"page_template_center.php","meta":{"wp_typography_post_enhancements_disabled":false,"footnotes":""},"tags":[],"class_list":["post-9","page","type-page","status-publish","hentry"],"_links":{"self":[{"href":"https:\/\/www.vytvorenolaskou.cz\/index.php\/wp-json\/wp\/v2\/pages\/9","targetHints":{"allow":["GET"]}}],"collection":[{"href":"https:\/\/www.vytvorenolaskou.cz\/index.php\/wp-json\/wp\/v2\/pages"}],"about":[{"href":"https:\/\/www.vytvorenolaskou.cz\/index.php\/wp-json\/wp\/v2\/types\/page"}],"author":[{"embeddable":true,"href":"https:\/\/www.vytvorenolaskou.cz\/index.php\/wp-json\/wp\/v2\/users\/1"}],"replies":[{"embeddable":true,"href":"https:\/\/www.vytvorenolaskou.cz\/index.php\/wp-json\/wp\/v2\/comments?post=9"}],"version-history":[{"count":5,"href":"https:\/\/www.vytvorenolaskou.cz\/index.php\/wp-json\/wp\/v2\/pages\/9\/revisions"}],"predecessor-version":[{"id":837,"href":"https:\/\/www.vytvorenolaskou.cz\/index.php\/wp-json\/wp\/v2\/pages\/9\/revisions\/837"}],"wp:attachment":[{"href":"https:\/\/www.vytvorenolaskou.cz\/index.php\/wp-json\/wp\/v2\/media?parent=9"}],"wp:term":[{"taxonomy":"post_tag","embeddable":true,"href":"https:\/\/www.vytvorenolaskou.cz\/index.php\/wp-json\/wp\/v2\/tags?post=9"}],"curies":[{"name":"wp","href":"https:\/\/api.w.org\/{rel}","templated":true}]}}