{"id":530,"date":"2024-02-04T19:46:22","date_gmt":"2024-02-04T18:46:22","guid":{"rendered":"https:\/\/www.vytvorenolaskou.cz\/?page_id=530"},"modified":"2024-02-09T15:14:04","modified_gmt":"2024-02-09T14:14:04","slug":"sofia-marek","status":"publish","type":"page","link":"https:\/\/www.vytvorenolaskou.cz\/index.php\/svatebni-pribehy\/sofia-marek\/","title":{"rendered":"Sofia &amp;&nbsp;Marek"},"content":{"rendered":"\n<p>P\u0159edsvatebn\u00ed focen\u00ed p\u0159\u00edmo v&nbsp;srdci Prahy a&nbsp;pot\u00e9 u\u017e tato n\u00e1dhern\u00e1 svatba na z\u00e1mku L\u00ed\u0161no. P\u0159ij\u00ed\u017ed\u011bl jsem r\u00e1no, projel zahradou a&nbsp;byl jsem udiven, kolik lid\u00ed zde od brzk\u00e9ho r\u00e1na pob\u00edh\u00e1, ukl\u00edz\u00ed, p\u0159ipravuje a&nbsp;lad\u00ed sebemen\u0161\u00ed detaily. Kdy\u017e jsem vid\u011bl i&nbsp;vnit\u0159n\u00ed prostory, kde jsme fotili rann\u00ed p\u0159\u00edpravy, opravdu jsem se c\u00edtil jako v&nbsp;poh\u00e1dce. Kr\u00e1sn\u00fd ob\u0159ad p\u0159ed z\u00e1mkem&nbsp; v&nbsp;zahrad\u011b a&nbsp;pot\u00e9 p\u0159esun na samotn\u00e9 mal\u00e9 n\u00e1dvo\u0159\u00ed, kde jsme str\u00e1vili nejv\u00edce \u010dasu. K&nbsp;ve\u010deru jsme se vydali na novoman\u017eelsk\u00e9 focen\u00ed a&nbsp;ne\u0161lo nevyu\u017e\u00edt n\u00e1dhernou z\u00e1meckou zahradu s&nbsp;velk\u00fdm jez\u00edrkem. Po ve\u010dern\u00ed p\u00e1rty jsem odj\u00ed\u017ed\u011bl opravdu s&nbsp;\u00fadivem a&nbsp;s novou zku\u0161enost\u00ed, kde v\u0161ude se d\u00e1 ud\u011blat tak zaj\u00edmav\u00e1 \u201cwow\u201d svatba.<\/p>\n","protected":false},"excerpt":{"rendered":"<p>P\u0159edsvatebn\u00ed focen\u00ed p\u0159\u00edmo v&nbsp;srdci Prahy a&nbsp;pot\u00e9 u\u017e tato n\u00e1dhern\u00e1 svatba na z\u00e1mku L\u00ed\u0161no. P\u0159ij\u00ed\u017ed\u011bl jsem r\u00e1no, projel zahradou a&nbsp;byl jsem udiven, kolik lid\u00ed zde od brzk\u00e9ho r\u00e1na pob\u00edh\u00e1, ukl\u00edz\u00ed, p\u0159ipravuje a&nbsp;lad\u00ed sebemen\u0161\u00ed detaily. Kdy\u017e jsem vid\u011bl i&nbsp;vnit\u0159n\u00ed prostory, kde jsme fotili rann\u00ed p\u0159\u00edpravy, opravdu jsem se c\u00edtil jako v&nbsp;poh\u00e1dce. Kr\u00e1sn\u00fd ob\u0159ad p\u0159ed z\u00e1mkem&nbsp; v&nbsp;zahrad\u011b a&nbsp;pot\u00e9 [\u2026]<\/p>\n","protected":false},"author":2,"featured_media":531,"parent":332,"menu_order":5,"comment_status":"closed","ping_status":"closed","template":"page_template_sidetop.php","meta":{"wp_typography_post_enhancements_disabled":false,"footnotes":""},"tags":[10],"class_list":["post-530","page","type-page","status-publish","has-post-thumbnail","hentry","tag-zamecky-park-lisno"],"_links":{"self":[{"href":"https:\/\/www.vytvorenolaskou.cz\/index.php\/wp-json\/wp\/v2\/pages\/530","targetHints":{"allow":["GET"]}}],"collection":[{"href":"https:\/\/www.vytvorenolaskou.cz\/index.php\/wp-json\/wp\/v2\/pages"}],"about":[{"href":"https:\/\/www.vytvorenolaskou.cz\/index.php\/wp-json\/wp\/v2\/types\/page"}],"author":[{"embeddable":true,"href":"https:\/\/www.vytvorenolaskou.cz\/index.php\/wp-json\/wp\/v2\/users\/2"}],"replies":[{"embeddable":true,"href":"https:\/\/www.vytvorenolaskou.cz\/index.php\/wp-json\/wp\/v2\/comments?post=530"}],"version-history":[{"count":1,"href":"https:\/\/www.vytvorenolaskou.cz\/index.php\/wp-json\/wp\/v2\/pages\/530\/revisions"}],"predecessor-version":[{"id":533,"href":"https:\/\/www.vytvorenolaskou.cz\/index.php\/wp-json\/wp\/v2\/pages\/530\/revisions\/533"}],"up":[{"embeddable":true,"href":"https:\/\/www.vytvorenolaskou.cz\/index.php\/wp-json\/wp\/v2\/pages\/332"}],"wp:featuredmedia":[{"embeddable":true,"href":"https:\/\/www.vytvorenolaskou.cz\/index.php\/wp-json\/wp\/v2\/media\/531"}],"wp:attachment":[{"href":"https:\/\/www.vytvorenolaskou.cz\/index.php\/wp-json\/wp\/v2\/media?parent=530"}],"wp:term":[{"taxonomy":"post_tag","embeddable":true,"href":"https:\/\/www.vytvorenolaskou.cz\/index.php\/wp-json\/wp\/v2\/tags?post=530"}],"curies":[{"name":"wp","href":"https:\/\/api.w.org\/{rel}","templated":true}]}}