{"id":46,"date":"2022-12-17T17:16:42","date_gmt":"2022-12-17T16:16:42","guid":{"rendered":"https:\/\/www.vytvorenolaskou.cz\/?page_id=46"},"modified":"2024-02-04T20:20:22","modified_gmt":"2024-02-04T19:20:22","slug":"kazda-svatba-je-individualni","status":"publish","type":"page","link":"https:\/\/www.vytvorenolaskou.cz\/index.php\/svatebni-fotografie\/kazda-svatba-je-individualni\/","title":{"rendered":"Ka\u017ed\u00e1 svatba je individu\u00e1ln\u00ed"},"content":{"rendered":"\n<p>A\u0165 u\u017e chyst\u00e1te velkou svatbu pro v\u00edce jak 100 host\u016f, nebo byste r\u00e1di skromn\u00fd ob\u0159ad, t\u0159eba i&nbsp;v zahrani\u010d\u00ed, u\u017e te\u010f se moc t\u011b\u0161\u00edm! Pokud byste m\u011bli ot\u00e1zky na zku\u0161enosti z&nbsp;ostatn\u00edch svateb, na kter\u00fdch jsem ji\u017e byl, ur\u010dit\u011b v\u00e1m je tak\u00e9 moc r\u00e1d p\u0159ed\u00e1m. Ka\u017ed\u00e1 svatba je jin\u00e1, ale v\u017edy jsem p\u0159ipraven zachytit ty nejkr\u00e1sn\u011bj\u0161\u00ed momenty a&nbsp;vymyslet zaj\u00edmav\u00e9 kompozice, abychom byli s&nbsp;v\u00fdsledkem v\u0161ichni maxim\u00e1ln\u011b spokojeni.<\/p>\n","protected":false},"excerpt":{"rendered":"<p>A\u0165 u\u017e chyst\u00e1te velkou svatbu pro v\u00edce jak 100 host\u016f, nebo byste r\u00e1di skromn\u00fd ob\u0159ad, t\u0159eba i&nbsp;v&nbsp;zahrani\u010d\u00ed, u\u017e te\u010f se moc t\u011b\u0161\u00edm! Pokud byste m\u011bli ot\u00e1zky na zku\u0161enosti z&nbsp;ostatn\u00edch svateb, na kter\u00fdch jsem ji\u017e byl, ur\u010dit\u011b v\u00e1m je tak\u00e9 moc r\u00e1d p\u0159ed\u00e1m. Ka\u017ed\u00e1 svatba je jin\u00e1, ale v\u017edy jsem p\u0159ipraven zachytit ty nejkr\u00e1sn\u011bj\u0161\u00ed momenty [\u2026]<\/p>\n","protected":false},"author":1,"featured_media":334,"parent":11,"menu_order":2,"comment_status":"closed","ping_status":"closed","template":"","meta":{"wp_typography_post_enhancements_disabled":false,"footnotes":""},"tags":[],"class_list":["post-46","page","type-page","status-publish","has-post-thumbnail","hentry"],"_links":{"self":[{"href":"https:\/\/www.vytvorenolaskou.cz\/index.php\/wp-json\/wp\/v2\/pages\/46","targetHints":{"allow":["GET"]}}],"collection":[{"href":"https:\/\/www.vytvorenolaskou.cz\/index.php\/wp-json\/wp\/v2\/pages"}],"about":[{"href":"https:\/\/www.vytvorenolaskou.cz\/index.php\/wp-json\/wp\/v2\/types\/page"}],"author":[{"embeddable":true,"href":"https:\/\/www.vytvorenolaskou.cz\/index.php\/wp-json\/wp\/v2\/users\/1"}],"replies":[{"embeddable":true,"href":"https:\/\/www.vytvorenolaskou.cz\/index.php\/wp-json\/wp\/v2\/comments?post=46"}],"version-history":[{"count":4,"href":"https:\/\/www.vytvorenolaskou.cz\/index.php\/wp-json\/wp\/v2\/pages\/46\/revisions"}],"predecessor-version":[{"id":598,"href":"https:\/\/www.vytvorenolaskou.cz\/index.php\/wp-json\/wp\/v2\/pages\/46\/revisions\/598"}],"up":[{"embeddable":true,"href":"https:\/\/www.vytvorenolaskou.cz\/index.php\/wp-json\/wp\/v2\/pages\/11"}],"wp:featuredmedia":[{"embeddable":true,"href":"https:\/\/www.vytvorenolaskou.cz\/index.php\/wp-json\/wp\/v2\/media\/334"}],"wp:attachment":[{"href":"https:\/\/www.vytvorenolaskou.cz\/index.php\/wp-json\/wp\/v2\/media?parent=46"}],"wp:term":[{"taxonomy":"post_tag","embeddable":true,"href":"https:\/\/www.vytvorenolaskou.cz\/index.php\/wp-json\/wp\/v2\/tags?post=46"}],"curies":[{"name":"wp","href":"https:\/\/api.w.org\/{rel}","templated":true}]}}